{"id":110,"date":"2022-02-18T10:36:19","date_gmt":"2022-02-18T09:36:19","guid":{"rendered":"https:\/\/www.schulthessforum.ch\/?page_id=110"},"modified":"2023-07-13T12:58:36","modified_gmt":"2023-07-13T10:58:36","slug":"agb","status":"publish","type":"page","link":"https:\/\/www.schulthessforum.ch\/agb\/","title":{"rendered":"AGB"},"content":{"rendered":"<p>[et_pb_section fb_built=\u00a0\u00bb1&Prime; fullwidth=\u00a0\u00bbon\u00a0\u00bb _builder_version=\u00a0\u00bb4.17.4&Prime; _module_preset=\u00a0\u00bbdefault\u00a0\u00bb hover_enabled=\u00a0\u00bb0&Prime; locked=\u00a0\u00bboff\u00a0\u00bb collapsed=\u00a0\u00bboff\u00a0\u00bb global_colors_info=\u00a0\u00bb{}\u00a0\u00bb sticky_enabled=\u00a0\u00bb0&Prime;][et_pb_fullwidth_header title=\u00a0\u00bbAGB\u00a0\u00bb admin_label=\u00a0\u00bbHero\u00a0\u00bb module_id=\u00a0\u00bbschulthess-category-hero\u00a0\u00bb module_class=\u00a0\u00bbschulthess-hero\u00a0\u00bb _builder_version=\u00a0\u00bb4.21.0&Prime; _module_preset=\u00a0\u00bbdefault\u00a0\u00bb use_background_color_gradient=\u00a0\u00bbon\u00a0\u00bb background_color_gradient_direction=\u00a0\u00bb90deg\u00a0\u00bb background_color_gradient_stops=\u00a0\u00bbrgba(36,69,102,0.9) 0%|rgba(36,69,102,0) 40%\u00a0\u00bb background_color_gradient_overlays_image=\u00a0\u00bbon\u00a0\u00bb background_enable_image=\u00a0\u00bboff\u00a0\u00bb background_position=\u00a0\u00bbcenter_left\u00a0\u00bb hover_enabled=\u00a0\u00bb0&Prime; global_colors_info=\u00a0\u00bb{}\u00a0\u00bb subhead=\u00a0\u00bb Allgemeine Gesch\u00e4ftsbedingungen der Schulthess Juristische Medien AG\u00a0\u00bb sticky_enabled=\u00a0\u00bb0&Prime;][\/et_pb_fullwidth_header][\/et_pb_section][et_pb_section fb_built=\u00a0\u00bb1&Prime; _builder_version=\u00a0\u00bb4.16&Prime; _module_preset=\u00a0\u00bbdefault\u00a0\u00bb hover_enabled=\u00a0\u00bb0&Prime; global_colors_info=\u00a0\u00bb{}\u00a0\u00bb sticky_enabled=\u00a0\u00bb0&Prime;][et_pb_row _builder_version=\u00a0\u00bb4.16&Prime; _module_preset=\u00a0\u00bbdefault\u00a0\u00bb global_colors_info=\u00a0\u00bb{}\u00a0\u00bb][et_pb_column type=\u00a0\u00bb4_4&Prime; _builder_version=\u00a0\u00bb4.16&Prime; _module_preset=\u00a0\u00bbdefault\u00a0\u00bb global_colors_info=\u00a0\u00bb{}\u00a0\u00bb][et_pb_text _builder_version=\u00a0\u00bb4.20.2&Prime; _module_preset=\u00a0\u00bbdefault\u00a0\u00bb hover_enabled=\u00a0\u00bb0&Prime; global_colors_info=\u00a0\u00bb{}\u00a0\u00bb sticky_enabled=\u00a0\u00bb0&Prime;]<\/p>\n<h2>Geltungsbereich<\/h2>\n<p>F\u00fcr die Vertragsbeziehungen zwischen der Schulthess Juristische Medien AG (\u201eSchulthess\u201c) und ihren Kunden gelten ausschliesslich die nachfolgenden Allgemeinen Gesch\u00e4ftsbedingungen (\u201eAGB\u201c) in der zum Zeitpunkt der Bestellung g\u00fcltigen Fassung. Den vorliegenden AGB entgegenstehende Bedingungen des Kunden bed\u00fcrfen zu ihrer Geltung der ausdr\u00fccklichen schriftlichen Best\u00e4tigung durch Schulthess. Mit der Bestellung des Kunden (Antrag) werden Geltung und Inhalt der AGB von Schulthess anerkannt. Der Vertrag kommt mit der Best\u00e4tigung von Schulthess (Annahme) zustande. Sollten sich einzelne Bestimmungen dieser AGB als unwirksam oder undurchf\u00fchrbar erweisen oder unwirksam oder undurchf\u00fchrbar werden, so bleibt dadurch die Wirksamkeit der \u00fcbrigen Bestimmungen unber\u00fchrt. Schulthess beh\u00e4lt sich das Recht vor, die vorliegenden AGB jederzeit zu \u00e4ndern. Die jeweils verbindliche Fassung ist auf der Website einsehbar. Nachtr\u00e4gliche Vertrags\u00e4nderungen werden dem Kunden in geeigneter Weise mitgeteilt. Sollte der Kunde mit einer wesentlichen, f\u00fcr ihn nachteiligen \u00c4nderung nicht einverstanden sein, ist er berechtigt, den betreffenden Vertrag innert 14 Tagen nach Mitteilung der Vertrags\u00e4nderung schriftlich, per Fax oder E-Mail (<a href=\"mailto:service@schulthess.com\">service@schulthess.com<\/a>) zu k\u00fcndigen. Erfolgt kein fristgerechter Widerspruch, gilt die Vertrags\u00e4nderung als genehmigt. F\u00fcr die Gesch\u00e4ftsbeziehungen zwischen Schulthess und Buchh\u00e4ndlern oder anderen Zwischenh\u00e4ndlern gelten die Konditionen der Verlagsauslieferung (Kontakt:\u00a0<a href=\"mailto:vertrieb@schulthess.com\">vertrieb@schulthess.com<\/a>). Weitere Bedingungen rund um das Anzeigen- und Veranstaltungsgesch\u00e4ft werden in diesen AGB zus\u00e4tzlich unter den Abschnitten A und B geregelt.<\/p>\n<h3>1. Vertragsabschluss<\/h3>\n<p>Alle Bestellungen auf m\u00fcndlichem, schriftlichem oder elektronischem Weg sind verbindlich. Die bestellten Titel werden in der Regel innerhalb von ein bis vier Arbeitstagen ab Bestelleingang ausgeliefert. Am Wochenende oder an Feiertagen kann sich der Versand um bis zu zwei Werktage verz\u00f6gern. Bei Lieferschwierigkeiten oder vor\u00fcbergehend nicht lieferbaren Titeln wird der Kunde informiert. Um dies gew\u00e4hrleisten zu k\u00f6nnen, bittet Schulthess den Kunden bei der Bestellung um die Angabe der E-Mail-Adresse und Telefonnummer. Noch nicht erschienene Titel werden vorgemerkt, die Lieferung mit Rechnung erfolgt automatisch nach Erscheinen. Bestellungen vor\u00fcbergehend nicht lieferbarer Titel k\u00f6nnen jederzeit widerrufen werden. Ein R\u00fccktrittsrecht ist jedoch ausgeschlossen, wenn ein Titel bereits fakturiert bzw. versendet worden ist. Aus Lieferverz\u00f6gerungen kann kein Anspruch hergeleitet werden.<\/p>\n<h3>2. Zahlungs- und Lieferkonditionen<\/h3>\n<p>Die Preise verstehen sich in Schweizer Franken einschliesslich der gesetzlichen Mehrwertsteuer. Bei Exporten in andere L\u00e4nder ist der ausgewiesene Preis der Nettopreis ohne Mehrwertsteuer. Rabatte sind nicht kumulierbar. Die Versandkosten f\u00fcr eine Bestellung innerhalb der Schweiz betragen regul\u00e4r CHF 7.00. F\u00fcr Lieferungen innerhalb Europas werden CHF 40.00 (max. 3kg) berechnet, f\u00fcr Lieferungen ins aussereurop\u00e4ische Ausland betr\u00e4gt die Pauschalgeb\u00fchr 50.00 CHF (max. 2kg). \u00dcbersteigt die Lieferung das zul\u00e4ssige Maximalgewicht werden die tats\u00e4chlich anfallenden Portokosten verrechnet. Allf\u00e4llige zus\u00e4tzliche Steuern und Zollgeb\u00fchren sind vom bestellenden Kunden zu tragen. Lieferungen ins Ausland ben\u00f6tigen die landes\u00fcbliche Lieferzeit. Die Lieferung von Zeitschriften erfolgt mit einer jeweils g\u00fcltigen Versandkostenpauschale. Innerhalb der Schweiz erfolgt die Bezahlung per beigelegter Rechnung oder per Kreditkarte (American Express, MasterCard oder Visa) ohne Abzug innerhalb von 30 Tagen nach Rechnungsstellung. Kunden mit Rechnungsadresse in anderen L\u00e4ndern k\u00f6nnen nach Vorauskasse per Kreditkarte oder \u00dcberweisung bezahlen. Bei ungerechtfertigten Abz\u00fcgen und f\u00fcr Mahnungen werden Bearbeitungsgeb\u00fchren erhoben. Ab der zweiten Mahnung betragen diese CHF 5.00, ab der dritten Mahnung CHF 15.00. Ger\u00e4t der Kunde mit der Zahlung in Verzug, ist Schulthess berechtigt, Verzugszinsen in gesetzlich vorgesehener H\u00f6he (Art. 104 OR) in Rechnung zu stellen. Schulthess beh\u00e4lt sich vor, Titel gegebenenfalls nur gegen Vorauszahlung zu liefern. Die Lieferung verbleibt bis zur vollst\u00e4ndigen Bezahlung im Eigentum von Schulthess. Diese ist bei Zahlungsverzug dazu berechtigt, vom Vertrag zur\u00fcckzutreten und die Ware zur\u00fcckzufordern. Zahlungskonditionen f\u00fcr Anzeigenkunden sowie Veranstaltungsteilnehmer sind dem Abschnitt A und B (Punkt 2) zu entnehmen.<\/p>\n<h3>3. R\u00fcckgaberecht, M\u00e4ngelrechte, Haftung und Stornierung<\/h3>\n<p>Ein R\u00fcckgaberecht des Kunden besteht nur bei Falschlieferungen oder Herstellungsfehlern des gelieferten Produkts zum Zeitpunkt des Gefahren\u00fcbergangs. Der Kunde hat das Produkt unverz\u00fcglich nach der Lieferung zu pr\u00fcfen. Die M\u00e4ngel m\u00fcssen gegen Vorweisen der Quittung, Substantiierung des konkreten Mangels und R\u00fcckgabe des M\u00e4ngelprodukts innert 10 Tagen ab Zustellung des Produkts beim Kunden gemeldet werden. Ersatzlieferungen erfolgen versandkostenfrei. Jegliche weitere Anspr\u00fcche des Kunden, insbesondere Wandelungs-, Minderungs- und Schadenersatzanspr\u00fcche, sind ausgeschlossen. Im \u00dcbrigen wird die Haftung von Schulthess, soweit gesetzlich zul\u00e4ssig, f\u00fcr jegliche Arten von indirekten und mittelbaren Sch\u00e4den oder Folgesch\u00e4den ausgeschlossen (so z.B. entgangene Gewinne, Gesch\u00e4fte und Ums\u00e4tze, nicht realisierte Einsparungen oder Verlust und Besch\u00e4digung von Daten). Stornobedingungen f\u00fcr Anzeigenkunden sowie Veranstaltungsteilnehmer sind den Abschnitten A und B (Punkt 3) zu entnehmen.<\/p>\n<h3>4. Abonnements<\/h3>\n<p>Zeitschriften in Print und Online sowie Newsletter und Datenbanken k\u00f6nnen als Abonnements bezogen werden. Ein Abonnementvertrag wird mit der verbindlichen Bestellung des Kunden und Best\u00e4tigung durch Schulthess zun\u00e4chst, soweit nicht anders schriftlich vereinbart, f\u00fcr ein Jahr abgeschlossen und verl\u00e4ngert sich automatisch um ein weiteres Bezugsjahr, sofern der Abonnementvertrag nicht fristgerecht 8 Wochen vor Ende des Bezugsjahres schriftlich, per Fax oder per E-Mail (<a href=\"mailto:service@schulthess.com\">service@schulthess.com<\/a>) gek\u00fcndigt wird. Spezifische Informationen zum Abonnement sind im Impressum der jeweiligen Zeitschrift nachzulesen. Ein Einzel-Abonnement ist personen- bzw. nutzerbezogen und erlaubt w\u00e4hrend der Dauer des Abonnements die pers\u00f6nliche Nutzung. Ein Gruppen-Abonnement kann vom Unternehmen f\u00fcr eine bestimmte Anzahl von Mitarbeitern bzw. Abonnenten abgeschlossen werden. Unternehmen ist es nicht erlaubt, Einzel-Abonnements zu beziehen und die Inhalte intern weiterzuverteilen. Schulthess hat das Recht, im Missbrauchsfall Einzelvertr\u00e4ge mit Unternehmen ohne R\u00fcckerstattungen fristlos zu k\u00fcndigen.<\/p>\n<h3>5. Digitale Produkte\/E-Books<\/h3>\n<p>Das Lesen eines E-Books setzt eine Lesesoftware voraus, die vom Kunden auf dem zu nutzenden Ger\u00e4t installiert werden muss. Die E-Books sind teilweise mit DRM (Digital Rights Management) gesch\u00fctzt und k\u00f6nnen je nach Vorgaben vom Verlag mit unterschiedlichen Einschr\u00e4nkungen versehen werden. Die Datensicherung nach dem Download des E-Books ist Aufgabe des Kunden. Aus technischen Gr\u00fcnden kann kein R\u00fcckgaberecht gew\u00e4hrt werden. Ausserdem sind E-Books ausschliesslich zur pers\u00f6nlichen Nutzung bestimmt. Aufgrund lizenzrechtlicher Bestimmungen k\u00f6nnen E-Books nur von Schulthess Kunden mit einer Rechnungsadresse in der Schweiz bezogen werden.<\/p>\n<h3>6. Urheberrecht<\/h3>\n<p>Alle Verlagserzeugnisse von Schulthess wie auch alle Inhalte der Schulthess-Webseiten sind urheberrechtlich gesch\u00fctzt. Jede Nutzung oder Verwertung ohne vorherige schriftliche Genehmigung von Schulthess bzw. anderslautende schriftliche Vereinbarung unzul\u00e4ssig. Weder der gesamte Inhalt noch Teile davon d\u00fcrfen in irgendeiner Form \u2013 s\u00e4mtliche technische und digitale Verfahren einbezogen \u2013 reproduziert werden. Unter dieses Verbot f\u00e4llt insbesondere auch die Vervielf\u00e4ltigung, \u00dcbersetzung, Mikoverfilmung sowie die Einspeicherung und Verarbeitung in elektronische Datenbanken. Urheberrechte rund um Veranstaltungen von Schulthess sind dem Abschnitt B (Punkt 4) zu entnehmen.<\/p>\n<h3>7. Haftungshinweis<\/h3>\n<p>Schulthess setzt bei der Ver\u00f6ffentlichung von Print- und digitalen Medien auf hohe Qualit\u00e4tsstandards. Dennoch kann hierf\u00fcr sowie f\u00fcr die Inhalte der Websites von Schulthess keine Gew\u00e4hrleistung oder Haftung rund um die Aktualit\u00e4t, Vollst\u00e4ndigkeit und Richtigkeit \u00fcbernommen werden. Dies gilt auch f\u00fcr die Inhalte externer Links. Hier sind ausschliesslich deren Betreiber verantwortlich. Haftungshinweise f\u00fcr Anzeigenkunden sowie Veranstaltungsteilnehmer sind den Abschnitten A und B (Punkt 5) zu entnehmen.<\/p>\n<h3>8. Datenschutz<\/h3>\n<p>Die Privatsph\u00e4re der Kunden hat f\u00fcr Schulthess sehr hohe Priorit\u00e4t. Personenbezogene Kundendaten werden ausschliesslich intern gesammelt, verarbeitet und gespeichert und dienen nur der Ausf\u00fchrung der vom Kunden erteilten Auftr\u00e4ge, der Information gem\u00e4ss gemeinsamer Gesch\u00e4ftsbeziehung, der Sicherung gesch\u00e4ftlicher Anspr\u00fcche (z.B. Bonit\u00e4tspr\u00fcfung) sowie der Erf\u00fcllung gesetzlicher Anforderungen. Weitere Informationen entnehmen Sie der <a href=\"\/datenschutz\">Datenschutzerkl\u00e4rung<\/a><\/p>\n<h3>9. Erf\u00fcllungsort und Gerichtsstand<\/h3>\n<p>Soweit gesetzlich nicht zwingend anders geregelt, ist Erf\u00fcllungsort und ausschliesslicher Gerichtsstand Z\u00fcrich.<\/p>\n<h3>10. Anwendbares Recht<\/h3>\n<p>Es gelten ausschliesslich die Bestimmungen des schweizerischen Rechts, auch wenn aus dem Ausland bestellt oder ins Ausland geliefert wird. Das \u00dcbereinkommen der Vereinten Nationen \u00fcber den internationalen Warenkauf (UN-Kaufrecht) wird ausgeschlossen.<\/p>\n<h2>A) Weitere Bedingungen zum Anzeigengesch\u00e4ft<\/h2>\n<p>Die nachstehenden Bedingungen regeln \u2013 in Erg\u00e4nzung resp. Konkretisierung zu den vorstehenden AGB \u2013 die vertraglichen Beziehungen zwischen Schulthess und einem Anzeigenkunden (bzw. Sponsor). Im \u00dcbrigen finden die vorstehenden AGB subsidi\u00e4re Anwendung.<\/p>\n<h3>1. Vertragsabschluss<\/h3>\n<p>Der Vertrag kommt mit der Auftragsbest\u00e4tigung von Schulthess zustande. Der Kunde ist verpflichtet, Schulthess das druckfertige Werbemittel zu \u00fcbersenden. Die Buchung von Werbemitteln steht in keinem Zusammenhang mit der M\u00f6glichkeit einen redaktionellen Beitrag zu verfassen. Es k\u00f6nnen keine Platzierungsw\u00fcnsche entgegengenommen werden. Kunden erhalten ein Belegexemplar der Publikation, in welcher das Werbemittel gebucht wurde. Zus\u00e4tzliche Belege werden nur nach Vereinbarung zugestellt. Im Rahmen eines Sponsorings gelten die Bedingungen der jeweiligen Sponsoring-Offerte von Schulthess.<\/p>\n<h3>2. Zahlungskonditionen<\/h3>\n<p>Die Buchungs- und Zahlungskonditionen sowie Preise richten sich nach den Angaben auf den jeweiligen Mediadaten. Ausserordentliche Aufwendungen, welche nicht in den produktspezifischen Daten enthalten sind, k\u00f6nnen zuz\u00fcglich MWST in Rechnung gestellt werden. Als solche gelten beispielsweise Probeabz\u00fcge, farbverbindliche Proofs, aufw\u00e4ndige Bearbeitungen oder Korrektoratsarbeiten.<\/p>\n<h3>3. Stornierung<\/h3>\n<p>Der Kunde kann vom Vertrag bis zum Anzeigenschluss zur\u00fccktreten. Die Stornierung bedarf der Schriftform. Bei Stornierungen kann Schulthess folgende Kosten verrechnen:<br \/>\u2022 Stornierung einer best\u00e4tigten Buchung vor Anzeigenschluss: 25% der Kosten k\u00f6nnen verrechnet werden<br \/>\u2022 Stornierung einer best\u00e4tigten Buchung nach Anzeigenschluss: 100% der Kosten k\u00f6nnen verrechnet werden<br \/>Bei einem Sponsoring ist ein R\u00fccktritt nach Best\u00e4tigung von Schulthess ausgeschlossen.<\/p>\n<h3>4. Gestaltung von Werbemitteln und Ablehnungsbefugnis<\/h3>\n<p>Die Vorschriften \u00fcber die Gestaltung k\u00f6nnen den technischen Angaben der produktspezifischen Mediadaten entnommen werden. Schulthess \u00fcbernimmt f\u00fcr das gelieferte Werbematerial keine Verantwortung und ist nicht verpflichtet, dieses an den Kunden zur\u00fcckzuliefern. Schulthess ist berechtigt, aber nicht verpflichtet, die Werbemittel zeitlich unbegrenzt zu archivieren. Schulthess beh\u00e4lt sich vor, \u00c4nderungen des Werbemittel-Inhalts zu verlangen oder jenes ohne Angabe von Gr\u00fcnden abzulehnen. Die Zur\u00fcckweisung wird dem Kunden unverz\u00fcglich mitgeteilt.<\/p>\n<h3>5. Gew\u00e4hrleistung\/Haftung<\/h3>\n<p>Schulthess bem\u00fcht sich im Rahmen der vorhersehbaren Anforderungen um eine bestm\u00f6gliche Platzierung der Werbemittel. Unwesentliche Druckfehler, die weder den Sinn noch die Werbewirkung des Werbemittels wesentlich beeintr\u00e4chtigen, sind von der Gew\u00e4hrleistung ausgeschlossen. Dem Kunden ist bekannt, dass es nach dem Stand der Technik nicht m\u00f6glich ist, jederzeit eine g\u00e4nzlich fehlerfreie Wiedergabe der Werbemittel zu erm\u00f6glichen. F\u00fcr Fehler in der \u00dcbermittlung von Auftr\u00e4gen oder \u00c4nderungen derselben \u00fcbernimmt Schulthess keine Haftung. Entsprechen die \u00fcbersandten Werbemittel nicht den von Schulthess mitgeteilten technischen Vorgaben und Formaten, \u00fcbernimmt Schulthess keine Garantie f\u00fcr die ordnungsgem\u00e4sse und zeitgerechte Schaltung. F\u00fcr erkennbar ungeeignete oder besch\u00e4digte Druckunterlagen fordert Schulthess baldm\u00f6glichst Ersatz an. Der Kunde hat im Falle von Daten\u00fcbertragung sicherzustellen, dass von den \u00fcbersandten Daten keine Gefahren etwa durch Viren oder sonstigen technischen Problemen ausgehen. Soweit \u00fcbersandte Daten Sch\u00e4den bei Schulthess verursachen, hat der Kunde diese zu ersetzen, sofern er die entstandenen Sch\u00e4den zu vertreten hat. Der Kunde hat das ver\u00f6ffentlichte Werbemittel unverz\u00fcglich nach der Ver\u00f6ffentlichung zu pr\u00fcfen und etwaige M\u00e4ngel unverz\u00fcglich zu r\u00fcgen. Reklamationen wegen fehlerhaften Erscheinens oder sonstigen M\u00e4ngeln sind innerhalb von drei Tagen nach Ver\u00f6ffentlichung anzubringen, danach gilt die Ver\u00f6ffentlichung als genehmigt.<\/p>\n<h2>B) Weitere Bedingungen zum Veranstaltungsgesch\u00e4ft<\/h2>\n<p>Die nachstehenden Bedingungen regeln \u2013 in Erg\u00e4nzung resp. Konkretisierung zu den vorstehenden AGB \u2013 das Vertragsverh\u00e4ltnis zwischen dem Teilnehmer von Veranstaltungen von Schulthess und Schulthess. Im \u00dcbrigen finden die vorstehenden AGB subsidi\u00e4re Anwendung.<\/p>\n<h3>1. Vertragsabschluss<\/h3>\n<p>Die Anmeldung f\u00fcr eine Veranstaltung kann per Webseite, E-Mail, Brief, Fax oder telefonisch durchgef\u00fchrt werden. Nach Eingang der Anmeldung erh\u00e4lt der Teilnehmer eine Anmeldebest\u00e4tigung, durch welche die Buchung rechtsverbindlich wird. Der Teilnehmer erh\u00e4lt anschliessend eine Rechnung \u00fcber die Teilnahmegeb\u00fchr, welche ohne Abzug innert 30 Tagen ab Rechnungsdatum zu begleichen ist. Die Teilnahmegeb\u00fchren verstehen sich zzgl. MWST.<\/p>\n<h3>2. Zahlungskonditionen<\/h3>\n<p>Die Buchungs- und Zahlungskonditionen sowie Preise richten sich nach den Angaben auf den Webemitteln der jeweiligen Veranstaltung. Rabatte auf die Teilnahmegeb\u00fchr k\u00f6nnen ebenfalls den Werbemitteln der jeweiligen Veranstaltungen entnommen werden. Doppelrabatte werden nicht gew\u00e4hrt.<\/p>\n<h3>3. Stornierung<\/h3>\n<p>Die Stornierung durch den Teilnehmer muss schriftlich erfolgen. Je nach Veranstaltung k\u00f6nnen Stornogeb\u00fchren anfallen. Die Stornofristen und die H\u00f6he der Stornogeb\u00fchren k\u00f6nnen den Werbemitteln der jeweiligen Veranstaltung entnommen werden. Soweit keine Stornobedingungen auf den entsprechenden Werbemitteln ausgewiesen werden, ist eine Stornierung bis 30 Tage vor Veranstaltungsbeginn kostenfrei m\u00f6glich, anschliessend wird die H\u00e4lfte der Teilnahmegeb\u00fchr in Rechnung gestellt. Bei Stornierung am Veranstaltungstag oder bei Nichterscheinen wird die komplette Teilnahmegeb\u00fchr f\u00e4llig. Eine Vertretung des angemeldeten Teilnehmers ist kostenfrei m\u00f6glich. Wird eine Veranstaltung durch den Veranstalter abgesagt, so wird die Teilnahmegeb\u00fchr zur\u00fcckerstattet. Die angemeldeten Teilnehmer werden umgehend informiert. Weitere Anspr\u00fcche k\u00f6nnen nicht geltend gemacht werden.<\/p>\n<h3>4. Urheberrechte<\/h3>\n<p>Das Material und alle Tagungsunterlagen, welche anl\u00e4sslich der Veranstaltung abgegeben werden, sind urheberrechtlich gesch\u00fctzt. Die Teilnehmer d\u00fcrfen die Unterlagen nur f\u00fcr den pers\u00f6nlichen Gebrauch nutzen. Das Kopieren sowie die Vervielf\u00e4ltigungen zum Gebrauch ausserhalb der Veranstaltung sind ohne vorherige schriftliche Genehmigung durch Schulthess untersagt.<\/p>\n<h3>5. Gew\u00e4hrleistung\/Haftung<\/h3>\n<p>Schulthess bem\u00fcht sich um eine bestm\u00f6gliche inhaltliche Ausrichtung sowie Organisation von Veranstaltungen. Schulthess beh\u00e4lt sich das Recht vor, angek\u00fcndigte Referenten zu ersetzen und \u00c4nderungen im Programm kurzfristig anzuberaumen, sofern die Grundausrichtung der Veranstaltung dadurch nicht beeintr\u00e4chtigt wird. Dadurch lassen sich keine Anspr\u00fcche gegen\u00fcber Schulthess ableiten. Der Abschluss einer Unfall- oder Haftpflichtversicherung ist Sache der teilnehmenden Person. Schulthess \u00fcbernimmt keinerlei Haftung.<\/p>\n<p>[\/et_pb_text][\/et_pb_column][\/et_pb_row][\/et_pb_section]<\/p>\n","protected":false},"excerpt":{"rendered":"<p>Geltungsbereich F\u00fcr die Vertragsbeziehungen zwischen der Schulthess Juristische Medien AG (\u201eSchulthess\u201c) und ihren Kunden gelten ausschliesslich die nachfolgenden Allgemeinen Gesch\u00e4ftsbedingungen (\u201eAGB\u201c) in der zum Zeitpunkt der Bestellung g\u00fcltigen Fassung. Den vorliegenden AGB entgegenstehende Bedingungen des Kunden bed\u00fcrfen zu ihrer Geltung der ausdr\u00fccklichen schriftlichen Best\u00e4tigung durch Schulthess. Mit der Bestellung des Kunden (Antrag) werden Geltung und [&hellip;]<\/p>\n","protected":false},"author":1,"featured_media":0,"parent":0,"menu_order":0,"comment_status":"closed","ping_status":"closed","template":"","meta":{"_acf_changed":false,"_et_pb_use_builder":"on","_et_pb_old_content":"","_et_gb_content_width":"","footnotes":""},"class_list":["post-110","page","type-page","status-publish","hentry"],"acf":[],"_links":{"self":[{"href":"https:\/\/www.schulthessforum.ch\/fr\/wp-json\/wp\/v2\/pages\/110","targetHints":{"allow":["GET"]}}],"collection":[{"href":"https:\/\/www.schulthessforum.ch\/fr\/wp-json\/wp\/v2\/pages"}],"about":[{"href":"https:\/\/www.schulthessforum.ch\/fr\/wp-json\/wp\/v2\/types\/page"}],"author":[{"embeddable":true,"href":"https:\/\/www.schulthessforum.ch\/fr\/wp-json\/wp\/v2\/users\/1"}],"replies":[{"embeddable":true,"href":"https:\/\/www.schulthessforum.ch\/fr\/wp-json\/wp\/v2\/comments?post=110"}],"version-history":[{"count":12,"href":"https:\/\/www.schulthessforum.ch\/fr\/wp-json\/wp\/v2\/pages\/110\/revisions"}],"predecessor-version":[{"id":9593,"href":"https:\/\/www.schulthessforum.ch\/fr\/wp-json\/wp\/v2\/pages\/110\/revisions\/9593"}],"wp:attachment":[{"href":"https:\/\/www.schulthessforum.ch\/fr\/wp-json\/wp\/v2\/media?parent=110"}],"curies":[{"name":"wp","href":"https:\/\/api.w.org\/{rel}","templated":true}]}}