{"id":17334,"date":"2023-01-11T17:01:31","date_gmt":"2023-01-11T16:01:31","guid":{"rendered":"https:\/\/www.schulthessforum.ch\/newsletter\/"},"modified":"2024-06-21T17:09:56","modified_gmt":"2024-06-21T15:09:56","slug":"newsletter","status":"publish","type":"page","link":"https:\/\/www.schulthessforum.ch\/fr\/newsletter\/","title":{"rendered":"Newsletter"},"content":{"rendered":"<p>[et_pb_section fb_built=\u00a0\u00bb1&Prime; fullwidth=\u00a0\u00bbon\u00a0\u00bb _builder_version=\u00a0\u00bb4.17.4&Prime; _module_preset=\u00a0\u00bbdefault\u00a0\u00bb locked=\u00a0\u00bboff\u00a0\u00bb collapsed=\u00a0\u00bboff\u00a0\u00bb global_colors_info=\u00a0\u00bb{}\u00a0\u00bb][et_pb_fullwidth_header title=\u00a0\u00bbInscription \u00e0 la newsletter\u00a0\u00bb admin_label=\u00a0\u00bbHero\u00a0\u00bb module_id=\u00a0\u00bbschulthess-category-hero\u00a0\u00bb module_class=\u00a0\u00bbschulthess-hero\u00a0\u00bb _builder_version=\u00a0\u00bb4.22.1&Prime; _module_preset=\u00a0\u00bbdefault\u00a0\u00bb use_background_color_gradient=\u00a0\u00bbon\u00a0\u00bb background_color_gradient_direction=\u00a0\u00bb90deg\u00a0\u00bb background_color_gradient_stops=\u00a0\u00bbrgba(36,69,102,0.9) 0%|rgba(36,69,102,0) 40%\u00a0\u00bb background_color_gradient_overlays_image=\u00a0\u00bbon\u00a0\u00bb background_enable_image=\u00a0\u00bboff\u00a0\u00bb background_position=\u00a0\u00bbcenter_left\u00a0\u00bb global_colors_info=\u00a0\u00bb{}\u00a0\u00bb][\/et_pb_fullwidth_header][\/et_pb_section][et_pb_section fb_built=\u00a0\u00bb1&Prime; _builder_version=\u00a0\u00bb4.16&Prime; _module_preset=\u00a0\u00bbdefault\u00a0\u00bb global_colors_info=\u00a0\u00bb{}\u00a0\u00bb][et_pb_row column_structure=\u00a0\u00bb2_3,1_3&Prime; _builder_version=\u00a0\u00bb4.20.2&Prime; _module_preset=\u00a0\u00bbdefault\u00a0\u00bb global_colors_info=\u00a0\u00bb{}\u00a0\u00bb][et_pb_column type=\u00a0\u00bb2_3&Prime; module_class=\u00a0\u00bbform-column\u00a0\u00bb _builder_version=\u00a0\u00bb4.20.2&Prime; _module_preset=\u00a0\u00bbdefault\u00a0\u00bb global_colors_info=\u00a0\u00bb{}\u00a0\u00bb][et_pb_code module_id=\u00a0\u00bbnewsletter-form-wrapper\u00a0\u00bb _builder_version=\u00a0\u00bb4.25.1&Prime; _module_preset=\u00a0\u00bbdefault\u00a0\u00bb hover_enabled=\u00a0\u00bb0&Prime; global_colors_info=\u00a0\u00bb{}\u00a0\u00bb sticky_enabled=\u00a0\u00bb0&Prime;]\n<div class=\"wpcf7 no-js\" id=\"wpcf7-f22837-o1\" lang=\"fr-FR\" dir=\"ltr\" data-wpcf7-id=\"22837\">\n<div class=\"screen-reader-response\"><p role=\"status\" aria-live=\"polite\" aria-atomic=\"true\"><\/p> <ul><\/ul><\/div>\n<form action=\"\/fr\/wp-json\/wp\/v2\/pages\/17334#wpcf7-f22837-o1\" method=\"post\" class=\"wpcf7-form init\" aria-label=\"Formulaire de contact\" novalidate=\"novalidate\" data-status=\"init\">\n<fieldset class=\"hidden-fields-container\"><input type=\"hidden\" name=\"_wpcf7\" value=\"22837\" \/><input type=\"hidden\" name=\"_wpcf7_version\" value=\"6.1.2\" \/><input type=\"hidden\" name=\"_wpcf7_locale\" value=\"fr_FR\" \/><input type=\"hidden\" name=\"_wpcf7_unit_tag\" value=\"wpcf7-f22837-o1\" \/><input type=\"hidden\" name=\"_wpcf7_container_post\" value=\"0\" \/><input type=\"hidden\" name=\"_wpcf7_posted_data_hash\" value=\"\" \/><input type=\"hidden\" name=\"_wpcf7_recaptcha_response\" value=\"\" \/>\n<\/fieldset>\n<p><label for=\"themen\">Th\u00e8mes<span class=\"required\">*<\/span><\/label><br \/>\n<span class=\"wpcf7-form-control-wrap\" data-name=\"themen\"><span class=\"wpcf7-form-control wpcf7-checkbox wpcf7-validates-as-required\"><span class=\"wpcf7-list-item first\"><label><input type=\"checkbox\" name=\"themen[]\" value=\"TOUTES\" \/><span class=\"wpcf7-list-item-label\">TOUTES<\/span><\/label><\/span><span class=\"wpcf7-list-item\"><label><input type=\"checkbox\" name=\"themen[]\" value=\"Droit des soci\u00e9t\u00e9s anonymes\/Droit Bancaire\/Financement par cr\u00e9dit\" \/><span class=\"wpcf7-list-item-label\">Droit des soci\u00e9t\u00e9s anonymes\/Droit Bancaire\/Financement par cr\u00e9dit<\/span><\/label><\/span><span class=\"wpcf7-list-item\"><label><input type=\"checkbox\" name=\"themen[]\" value=\"Droit du travail\/Droit du personnel administratif\" \/><span class=\"wpcf7-list-item-label\">Droit du travail\/Droit du personnel administratif<\/span><\/label><\/span><span class=\"wpcf7-list-item\"><label><input type=\"checkbox\" name=\"themen[]\" value=\"Conformit\u00e9\" \/><span class=\"wpcf7-list-item-label\">Conformit\u00e9<\/span><\/label><\/span><span class=\"wpcf7-list-item\"><label><input type=\"checkbox\" name=\"themen[]\" value=\"Protection des donn\u00e9es\/Num\u00e9risation\" \/><span class=\"wpcf7-list-item-label\">Protection des donn\u00e9es\/Num\u00e9risation<\/span><\/label><\/span><span class=\"wpcf7-list-item\"><label><input type=\"checkbox\" name=\"themen[]\" value=\"Droit des successions\/Droit des r\u00e9gimes matrimoniaux\" \/><span class=\"wpcf7-list-item-label\">Droit des successions\/Droit des r\u00e9gimes matrimoniaux<\/span><\/label><\/span><span class=\"wpcf7-list-item\"><label><input type=\"checkbox\" name=\"themen[]\" value=\"Syst\u00e8me de sant\u00e9 publique\/Sciences de la vie\" \/><span class=\"wpcf7-list-item-label\">Syst\u00e8me de sant\u00e9 publique\/Sciences de la vie<\/span><\/label><\/span><span class=\"wpcf7-list-item\"><label><input type=\"checkbox\" name=\"themen[]\" value=\"Droit p\u00e9nal\/Proc\u00e9dure P\u00e9nale\/Droit p\u00e9nal \u00e9conomique\/Droit p\u00e9nal des mineurs\" \/><span class=\"wpcf7-list-item-label\">Droit p\u00e9nal\/Proc\u00e9dure P\u00e9nale\/Droit p\u00e9nal \u00e9conomique\/Droit p\u00e9nal des mineurs<\/span><\/label><\/span><span class=\"wpcf7-list-item\"><label><input type=\"checkbox\" name=\"themen[]\" value=\"Droit social\/Droit des assurances sociales\" \/><span class=\"wpcf7-list-item-label\">Droit social\/Droit des assurances sociales<\/span><\/label><\/span><span class=\"wpcf7-list-item\"><label><input type=\"checkbox\" name=\"themen[]\" value=\"Droit des assurances\" \/><span class=\"wpcf7-list-item-label\">Droit des assurances<\/span><\/label><\/span><span class=\"wpcf7-list-item\"><label><input type=\"checkbox\" name=\"themen[]\" value=\"Droit des cartels\/Droit de la concurrence\" \/><span class=\"wpcf7-list-item-label\">Droit des cartels\/Droit de la concurrence<\/span><\/label><\/span><span class=\"wpcf7-list-item\"><label><input type=\"checkbox\" name=\"themen[]\" value=\"Commercialisation\/Communication\" \/><span class=\"wpcf7-list-item-label\">Commercialisation\/Communication<\/span><\/label><\/span><span class=\"wpcf7-list-item\"><label><input type=\"checkbox\" name=\"themen[]\" value=\"Droit du bail\" \/><span class=\"wpcf7-list-item-label\">Droit du bail<\/span><\/label><\/span><span class=\"wpcf7-list-item\"><label><input type=\"checkbox\" name=\"themen[]\" value=\"Droit de la poursuite pour dettes et faillite\" \/><span class=\"wpcf7-list-item-label\">Droit de la poursuite pour dettes et faillite<\/span><\/label><\/span><span class=\"wpcf7-list-item\"><label><input type=\"checkbox\" name=\"themen[]\" value=\"Droit fiscal\" \/><span class=\"wpcf7-list-item-label\">Droit fiscal<\/span><\/label><\/span><span class=\"wpcf7-list-item\"><label><input type=\"checkbox\" name=\"themen[]\" value=\"Droit d\u2019auteur\/Droit de l\u2019art\" \/><span class=\"wpcf7-list-item-label\">Droit d\u2019auteur\/Droit de l\u2019art<\/span><\/label><\/span><span class=\"wpcf7-list-item\"><label><input type=\"checkbox\" name=\"themen[]\" value=\"Droit de la distribution\/Droit \u00e9conomique\/Droit des soci\u00e9t\u00e9s\/Droit des contrats\" \/><span class=\"wpcf7-list-item-label\">Droit de la distribution\/Droit \u00e9conomique\/Droit des soci\u00e9t\u00e9s\/Droit des contrats<\/span><\/label><\/span><span class=\"wpcf7-list-item last\"><label><input type=\"checkbox\" name=\"themen[]\" value=\"Conseil d\u2019administration\" \/><span class=\"wpcf7-list-item-label\">Conseil d\u2019administration<\/span><\/label><\/span><\/span><\/span>\n<\/p>\n<p><label for=\"field-email\">E-Mail <span class=\"required-mark\">*<\/span><\/label><br \/>\n<span class=\"wpcf7-form-control-wrap\" data-name=\"email\"><input size=\"40\" maxlength=\"400\" class=\"wpcf7-form-control wpcf7-email wpcf7-validates-as-required wpcf7-text wpcf7-validates-as-email\" id=\"field-email\" aria-required=\"true\" aria-invalid=\"false\" value=\"\" type=\"email\" name=\"email\" \/><\/span>\n<\/p>\n<p><label for=\"field-anrede\">Formule d\u2019appel <span class=\"required\">*<\/span><\/label><br \/>\n<span class=\"wpcf7-form-control-wrap\" data-name=\"anrede\"><select class=\"wpcf7-form-control wpcf7-select wpcf7-validates-as-required\" id=\"field-anrede\" aria-required=\"true\" aria-invalid=\"false\" name=\"anrede\"><option value=\"\">&#8212;Veuillez choisir une option&#8212;<\/option><option value=\"Madame\">Madame<\/option><option value=\"Monsieur\">Monsieur<\/option><\/select><\/span>\n<\/p>\n<p><label for=\"field-anrede\">Pr\u00e9nom <span class=\"required-mark\">*<\/span><\/label><br \/>\n<span class=\"wpcf7-form-control-wrap\" data-name=\"vorname\"><input size=\"40\" maxlength=\"400\" class=\"wpcf7-form-control wpcf7-text wpcf7-validates-as-required\" id=\"field-vorname\" aria-required=\"true\" aria-invalid=\"false\" value=\"\" type=\"text\" name=\"vorname\" \/><\/span>\n<\/p>\n<p><label for=\"field-anrede\">Nom <span class=\"required-mark\">*<\/span><\/label><br \/>\n<span class=\"wpcf7-form-control-wrap\" data-name=\"nachname\"><input size=\"40\" maxlength=\"400\" class=\"wpcf7-form-control wpcf7-text wpcf7-validates-as-required\" id=\"field-nachname\" aria-required=\"true\" aria-invalid=\"false\" value=\"\" type=\"text\" name=\"nachname\" \/><\/span>\n<\/p>\n<p><label for=\"field-function\">Titre \/ Fonction <span class=\"required-mark\">*<\/span><\/label><br \/>\n<span class=\"wpcf7-form-control-wrap\" data-name=\"titel\"><input size=\"40\" maxlength=\"400\" class=\"wpcf7-form-control wpcf7-text wpcf7-validates-as-required\" id=\"field-function\" aria-required=\"true\" aria-invalid=\"false\" value=\"\" type=\"text\" name=\"titel\" \/><\/span>\n<\/p>\n<p><label for=\"field-firma\">Soci\u00e9t\u00e9 \/ Autorit\u00e9 <span class=\"required-mark\">*<\/span><\/label><br \/>\n<span class=\"wpcf7-form-control-wrap\" data-name=\"firma\"><input size=\"40\" maxlength=\"400\" class=\"wpcf7-form-control wpcf7-text wpcf7-validates-as-required\" id=\"field-firma\" aria-required=\"true\" aria-invalid=\"false\" value=\"\" type=\"text\" name=\"firma\" \/><\/span>\n<\/p>\n<p><label for=\"field-strasse\">Rue \/ num\u00e9ro <span class=\"required-mark\">*<\/span><\/label><br \/>\n<span class=\"wpcf7-form-control-wrap\" data-name=\"strasse\"><input size=\"40\" maxlength=\"400\" class=\"wpcf7-form-control wpcf7-text wpcf7-validates-as-required\" id=\"field-strasse\" aria-required=\"true\" aria-invalid=\"false\" value=\"\" type=\"text\" name=\"strasse\" \/><\/span>\n<\/p>\n<p><label for=\"field-plz\">NPA <span class=\"required-mark\">*<\/span><\/label><br \/>\n<span class=\"wpcf7-form-control-wrap\" data-name=\"plz\"><input size=\"40\" maxlength=\"400\" class=\"wpcf7-form-control wpcf7-text wpcf7-validates-as-required\" id=\"field-plz\" aria-required=\"true\" aria-invalid=\"false\" value=\"\" type=\"text\" name=\"plz\" \/><\/span>\n<\/p>\n<p><label for=\"field-ort\">Lieu <span class=\"required-mark\">*<\/span><\/label><br \/>\n<span class=\"wpcf7-form-control-wrap\" data-name=\"ort\"><input size=\"40\" maxlength=\"400\" class=\"wpcf7-form-control wpcf7-text wpcf7-validates-as-required\" id=\"field-ort\" aria-required=\"true\" aria-invalid=\"false\" value=\"\" type=\"text\" name=\"ort\" \/><\/span>\n<\/p>\n<p><label for=\"field-land\">Pays <span class=\"required-mark\">*<\/span><\/label><br \/>\n<span class=\"wpcf7-form-control-wrap\" data-name=\"land\"><input size=\"40\" maxlength=\"400\" class=\"wpcf7-form-control wpcf7-text wpcf7-validates-as-required\" id=\"field-land\" aria-required=\"true\" aria-invalid=\"false\" value=\"\" type=\"text\" name=\"land\" \/><\/span>\n<\/p>\n<p><label for=\"field-telefon\">T\u00e9l\u00e9phone <span class=\"required-mark\">*<\/span><\/label><br \/>\n<span class=\"wpcf7-form-control-wrap\" data-name=\"telefon\"><input size=\"40\" maxlength=\"400\" class=\"wpcf7-form-control wpcf7-tel wpcf7-validates-as-required wpcf7-text wpcf7-validates-as-tel\" id=\"field-telefon\" aria-required=\"true\" aria-invalid=\"false\" value=\"\" type=\"tel\" name=\"telefon\" \/><\/span>\n<\/p>\n<p><span class=\"wpcf7-form-control-wrap newsletteranmeldung-submit-wrap\"><br \/>\n<input class=\"wpcf7-form-control wpcf7-submit has-spinner\" type=\"submit\" value=\"Commander la newsletter\" \/><br \/>\n<\/span>\n<\/p><div class=\"wpcf7-response-output\" aria-hidden=\"true\"><\/div>\n<\/form>\n<\/div>\n[\/et_pb_code][et_pb_text module_id=\u00a0\u00bbform-notice\u00a0\u00bb _builder_version=\u00a0\u00bb4.22.1&Prime; _module_preset=\u00a0\u00bbdefault\u00a0\u00bb global_colors_info=\u00a0\u00bb{}\u00a0\u00bb]<\/p>\n<p class=\"pflichtfeld-info\"><b>* Champs obligatoires<\/b><\/p>\n<p class=\"form-notice-text\"><span>Pr\u00e9cision:<\/span> les informations que vous nous transmettez lors de votre prise de contact (p. ex. au moyen du formulaire de contact ou par e-mail) sont trait\u00e9es en vue de r\u00e9pondre \u00e0 votre demande et aux \u00e9ventuelles questions ult\u00e9rieures. Vous trouverez <a href=\"https:\/\/www.schulthess.com\/datenschutz\" target=\"_blank\" rel=\"noopener nofollow\">ici<\/a> des pr\u00e9cisions concernant le traitement de vos donn\u00e9es personnelles et sur vos droits y relatifs.<\/p>\n<p>[\/et_pb_text][\/et_pb_column][et_pb_column type=\u00a0\u00bb1_3&Prime; _builder_version=\u00a0\u00bb4.16&Prime; _module_preset=\u00a0\u00bbdefault\u00a0\u00bb global_colors_info=\u00a0\u00bb{}\u00a0\u00bb][et_pb_text _builder_version=\u00a0\u00bb4.22.1&Prime; _module_preset=\u00a0\u00bbdefault\u00a0\u00bb global_colors_info=\u00a0\u00bb{}\u00a0\u00bb]Des questions? Nous sommes \u00e0 votre disposition.[\/et_pb_text][et_pb_image src=\u00a0\u00bbhttps:\/\/www.schulthessforum.ch\/wp-content\/media\/kontakt\/schulthess_kontakt_300x190.jpg\u00a0\u00bb title_text=\u00a0\u00bbSchulthess Kontakt 300&#215;190&Prime; _builder_version=\u00a0\u00bb4.16&Prime; _module_preset=\u00a0\u00bbdefault\u00a0\u00bb global_colors_info=\u00a0\u00bb{}\u00a0\u00bb][\/et_pb_image][et_pb_text _builder_version=\u00a0\u00bb4.22.1&Prime; _module_preset=\u00a0\u00bbdefault\u00a0\u00bb global_colors_info=\u00a0\u00bb{}\u00a0\u00bb]<\/p>\n<p>T\u00e9l. +41 44 200 29 29<br \/><a href=\"mailto:veranstaltungen@schulthess.com\">veranstaltungen@schulthess.com<\/a><\/p>\n<p>[\/et_pb_text][\/et_pb_column][\/et_pb_row][\/et_pb_section]<\/p>\n","protected":false},"excerpt":{"rendered":"<p>\n<div class=\"wpcf7 no-js\" id=\"wpcf7-f22837-o2\" lang=\"fr-FR\" dir=\"ltr\" data-wpcf7-id=\"22837\">\n<div class=\"screen-reader-response\"><p role=\"status\" aria-live=\"polite\" aria-atomic=\"true\"><\/p> <ul><\/ul><\/div>\n<form action=\"\/fr\/wp-json\/wp\/v2\/pages\/17334#wpcf7-f22837-o2\" method=\"post\" class=\"wpcf7-form init\" aria-label=\"Formulaire de contact\" novalidate=\"novalidate\" data-status=\"init\">\n<fieldset class=\"hidden-fields-container\"><input type=\"hidden\" name=\"_wpcf7\" value=\"22837\" \/><input type=\"hidden\" name=\"_wpcf7_version\" value=\"6.1.2\" \/><input type=\"hidden\" name=\"_wpcf7_locale\" value=\"fr_FR\" \/><input type=\"hidden\" name=\"_wpcf7_unit_tag\" value=\"wpcf7-f22837-o2\" \/><input type=\"hidden\" name=\"_wpcf7_container_post\" value=\"0\" \/><input type=\"hidden\" name=\"_wpcf7_posted_data_hash\" value=\"\" \/><input type=\"hidden\" name=\"_wpcf7_recaptcha_response\" value=\"\" \/>\n<\/fieldset>\n<p><label for=\"themen\">Th\u00e8mes<span class=\"required\">*<\/span><\/label><br \/>\n<span class=\"wpcf7-form-control-wrap\" data-name=\"themen\"><span class=\"wpcf7-form-control wpcf7-checkbox wpcf7-validates-as-required\"><span class=\"wpcf7-list-item first\"><label><input type=\"checkbox\" name=\"themen[]\" value=\"TOUTES\" \/><span class=\"wpcf7-list-item-label\">TOUTES<\/span><\/label><\/span><span class=\"wpcf7-list-item\"><label><input type=\"checkbox\" name=\"themen[]\" value=\"Droit des soci\u00e9t\u00e9s anonymes\/Droit Bancaire\/Financement par cr\u00e9dit\" \/><span class=\"wpcf7-list-item-label\">Droit des soci\u00e9t\u00e9s anonymes\/Droit Bancaire\/Financement par cr\u00e9dit<\/span><\/label><\/span><span class=\"wpcf7-list-item\"><label><input type=\"checkbox\" name=\"themen[]\" value=\"Droit du travail\/Droit du personnel administratif\" \/><span class=\"wpcf7-list-item-label\">Droit du travail\/Droit du personnel administratif<\/span><\/label><\/span><span class=\"wpcf7-list-item\"><label><input type=\"checkbox\" name=\"themen[]\" value=\"Conformit\u00e9\" \/><span class=\"wpcf7-list-item-label\">Conformit\u00e9<\/span><\/label><\/span><span class=\"wpcf7-list-item\"><label><input type=\"checkbox\" name=\"themen[]\" value=\"Protection des donn\u00e9es\/Num\u00e9risation\" \/><span class=\"wpcf7-list-item-label\">Protection des donn\u00e9es\/Num\u00e9risation<\/span><\/label><\/span><span class=\"wpcf7-list-item\"><label><input type=\"checkbox\" name=\"themen[]\" value=\"Droit des successions\/Droit des r\u00e9gimes matrimoniaux\" \/><span class=\"wpcf7-list-item-label\">Droit des successions\/Droit des r\u00e9gimes matrimoniaux<\/span><\/label><\/span><span class=\"wpcf7-list-item\"><label><input type=\"checkbox\" name=\"themen[]\" value=\"Syst\u00e8me de sant\u00e9 publique\/Sciences de la vie\" \/><span class=\"wpcf7-list-item-label\">Syst\u00e8me de sant\u00e9 publique\/Sciences de la vie<\/span><\/label><\/span><span class=\"wpcf7-list-item\"><label><input type=\"checkbox\" name=\"themen[]\" value=\"Droit p\u00e9nal\/Proc\u00e9dure P\u00e9nale\/Droit p\u00e9nal \u00e9conomique\/Droit p\u00e9nal des mineurs\" \/><span class=\"wpcf7-list-item-label\">Droit p\u00e9nal\/Proc\u00e9dure P\u00e9nale\/Droit p\u00e9nal \u00e9conomique\/Droit p\u00e9nal des mineurs<\/span><\/label><\/span><span class=\"wpcf7-list-item\"><label><input type=\"checkbox\" name=\"themen[]\" value=\"Droit social\/Droit des assurances sociales\" \/><span class=\"wpcf7-list-item-label\">Droit social\/Droit des assurances sociales<\/span><\/label><\/span><span class=\"wpcf7-list-item\"><label><input type=\"checkbox\" name=\"themen[]\" value=\"Droit des assurances\" \/><span class=\"wpcf7-list-item-label\">Droit des assurances<\/span><\/label><\/span><span class=\"wpcf7-list-item\"><label><input type=\"checkbox\" name=\"themen[]\" value=\"Droit des cartels\/Droit de la concurrence\" \/><span class=\"wpcf7-list-item-label\">Droit des cartels\/Droit de la concurrence<\/span><\/label><\/span><span class=\"wpcf7-list-item\"><label><input type=\"checkbox\" name=\"themen[]\" value=\"Commercialisation\/Communication\" \/><span class=\"wpcf7-list-item-label\">Commercialisation\/Communication<\/span><\/label><\/span><span class=\"wpcf7-list-item\"><label><input type=\"checkbox\" name=\"themen[]\" value=\"Droit du bail\" \/><span class=\"wpcf7-list-item-label\">Droit du bail<\/span><\/label><\/span><span class=\"wpcf7-list-item\"><label><input type=\"checkbox\" name=\"themen[]\" value=\"Droit de la poursuite pour dettes et faillite\" \/><span class=\"wpcf7-list-item-label\">Droit de la poursuite pour dettes et faillite<\/span><\/label><\/span><span class=\"wpcf7-list-item\"><label><input type=\"checkbox\" name=\"themen[]\" value=\"Droit fiscal\" \/><span class=\"wpcf7-list-item-label\">Droit fiscal<\/span><\/label><\/span><span class=\"wpcf7-list-item\"><label><input type=\"checkbox\" name=\"themen[]\" value=\"Droit d\u2019auteur\/Droit de l\u2019art\" \/><span class=\"wpcf7-list-item-label\">Droit d\u2019auteur\/Droit de l\u2019art<\/span><\/label><\/span><span class=\"wpcf7-list-item\"><label><input type=\"checkbox\" name=\"themen[]\" value=\"Droit de la distribution\/Droit \u00e9conomique\/Droit des soci\u00e9t\u00e9s\/Droit des contrats\" \/><span class=\"wpcf7-list-item-label\">Droit de la distribution\/Droit \u00e9conomique\/Droit des soci\u00e9t\u00e9s\/Droit des contrats<\/span><\/label><\/span><span class=\"wpcf7-list-item last\"><label><input type=\"checkbox\" name=\"themen[]\" value=\"Conseil d\u2019administration\" \/><span class=\"wpcf7-list-item-label\">Conseil d\u2019administration<\/span><\/label><\/span><\/span><\/span>\n<\/p>\n<p><label for=\"field-email\">E-Mail <span class=\"required-mark\">*<\/span><\/label><br \/>\n<span class=\"wpcf7-form-control-wrap\" data-name=\"email\"><input size=\"40\" maxlength=\"400\" class=\"wpcf7-form-control wpcf7-email wpcf7-validates-as-required wpcf7-text wpcf7-validates-as-email\" aria-required=\"true\" aria-invalid=\"false\" value=\"\" type=\"email\" name=\"email\" \/><\/span>\n<\/p>\n<p><label for=\"field-anrede\">Formule d\u2019appel <span class=\"required\">*<\/span><\/label><br \/>\n<span class=\"wpcf7-form-control-wrap\" data-name=\"anrede\"><select class=\"wpcf7-form-control wpcf7-select wpcf7-validates-as-required\" aria-required=\"true\" aria-invalid=\"false\" name=\"anrede\"><option value=\"\">&#8212;Veuillez choisir une option&#8212;<\/option><option value=\"Madame\">Madame<\/option><option value=\"Monsieur\">Monsieur<\/option><\/select><\/span>\n<\/p>\n<p><label for=\"field-anrede\">Pr\u00e9nom <span class=\"required-mark\">*<\/span><\/label><br \/>\n<span class=\"wpcf7-form-control-wrap\" data-name=\"vorname\"><input size=\"40\" maxlength=\"400\" class=\"wpcf7-form-control wpcf7-text wpcf7-validates-as-required\" aria-required=\"true\" aria-invalid=\"false\" value=\"\" type=\"text\" name=\"vorname\" \/><\/span>\n<\/p>\n<p><label for=\"field-anrede\">Nom <span class=\"required-mark\">*<\/span><\/label><br \/>\n<span class=\"wpcf7-form-control-wrap\" data-name=\"nachname\"><input size=\"40\" maxlength=\"400\" class=\"wpcf7-form-control wpcf7-text wpcf7-validates-as-required\" aria-required=\"true\" aria-invalid=\"false\" value=\"\" type=\"text\" name=\"nachname\" \/><\/span>\n<\/p>\n<p><label for=\"field-function\">Titre \/ Fonction <span class=\"required-mark\">*<\/span><\/label><br \/>\n<span class=\"wpcf7-form-control-wrap\" data-name=\"titel\"><input size=\"40\" maxlength=\"400\" class=\"wpcf7-form-control wpcf7-text wpcf7-validates-as-required\" aria-required=\"true\" aria-invalid=\"false\" value=\"\" type=\"text\" name=\"titel\" \/><\/span>\n<\/p>\n<p><label for=\"field-firma\">Soci\u00e9t\u00e9 \/ Autorit\u00e9 <span class=\"required-mark\">*<\/span><\/label><br \/>\n<span class=\"wpcf7-form-control-wrap\" data-name=\"firma\"><input size=\"40\" maxlength=\"400\" class=\"wpcf7-form-control wpcf7-text wpcf7-validates-as-required\" aria-required=\"true\" aria-invalid=\"false\" value=\"\" type=\"text\" name=\"firma\" \/><\/span>\n<\/p>\n<p><label for=\"field-strasse\">Rue \/ num\u00e9ro <span class=\"required-mark\">*<\/span><\/label><br \/>\n<span class=\"wpcf7-form-control-wrap\" data-name=\"strasse\"><input size=\"40\" maxlength=\"400\" class=\"wpcf7-form-control wpcf7-text wpcf7-validates-as-required\" aria-required=\"true\" aria-invalid=\"false\" value=\"\" type=\"text\" name=\"strasse\" \/><\/span>\n<\/p>\n<p><label for=\"field-plz\">NPA <span class=\"required-mark\">*<\/span><\/label><br \/>\n<span class=\"wpcf7-form-control-wrap\" data-name=\"plz\"><input size=\"40\" maxlength=\"400\" class=\"wpcf7-form-control wpcf7-text wpcf7-validates-as-required\" aria-required=\"true\" aria-invalid=\"false\" value=\"\" type=\"text\" name=\"plz\" \/><\/span>\n<\/p>\n<p><label for=\"field-ort\">Lieu <span class=\"required-mark\">*<\/span><\/label><br \/>\n<span class=\"wpcf7-form-control-wrap\" data-name=\"ort\"><input size=\"40\" maxlength=\"400\" class=\"wpcf7-form-control wpcf7-text wpcf7-validates-as-required\" aria-required=\"true\" aria-invalid=\"false\" value=\"\" type=\"text\" name=\"ort\" \/><\/span>\n<\/p>\n<p><label for=\"field-land\">Pays <span class=\"required-mark\">*<\/span><\/label><br \/>\n<span class=\"wpcf7-form-control-wrap\" data-name=\"land\"><input size=\"40\" maxlength=\"400\" class=\"wpcf7-form-control wpcf7-text wpcf7-validates-as-required\" aria-required=\"true\" aria-invalid=\"false\" value=\"\" type=\"text\" name=\"land\" \/><\/span>\n<\/p>\n<p><label for=\"field-telefon\">T\u00e9l\u00e9phone <span class=\"required-mark\">*<\/span><\/label><br \/>\n<span class=\"wpcf7-form-control-wrap\" data-name=\"telefon\"><input size=\"40\" maxlength=\"400\" class=\"wpcf7-form-control wpcf7-tel wpcf7-validates-as-required wpcf7-text wpcf7-validates-as-tel\" aria-required=\"true\" aria-invalid=\"false\" value=\"\" type=\"tel\" name=\"telefon\" \/><\/span>\n<\/p>\n<p><span class=\"wpcf7-form-control-wrap newsletteranmeldung-submit-wrap\"><br \/>\n<input class=\"wpcf7-form-control wpcf7-submit has-spinner\" type=\"submit\" value=\"Commander la newsletter\" \/><br \/>\n<\/span>\n<\/p><div class=\"wpcf7-response-output\" aria-hidden=\"true\"><\/div>\n<\/form>\n<\/div>\n* Champs obligatoires Pr\u00e9cision: les informations que vous nous transmettez lors de votre prise de contact (p. ex. au moyen du formulaire de contact ou par e-mail) sont trait\u00e9es en vue de r\u00e9pondre \u00e0 votre demande et aux \u00e9ventuelles questions ult\u00e9rieures. Vous trouverez ici des pr\u00e9cisions concernant le traitement de vos [&hellip;]<\/p>\n","protected":false},"author":1,"featured_media":0,"parent":0,"menu_order":0,"comment_status":"closed","ping_status":"closed","template":"","meta":{"_acf_changed":false,"_et_pb_use_builder":"on","_et_pb_old_content":"","_et_gb_content_width":"","footnotes":""},"class_list":["post-17334","page","type-page","status-publish","hentry"],"acf":[],"_links":{"self":[{"href":"https:\/\/www.schulthessforum.ch\/fr\/wp-json\/wp\/v2\/pages\/17334","targetHints":{"allow":["GET"]}}],"collection":[{"href":"https:\/\/www.schulthessforum.ch\/fr\/wp-json\/wp\/v2\/pages"}],"about":[{"href":"https:\/\/www.schulthessforum.ch\/fr\/wp-json\/wp\/v2\/types\/page"}],"author":[{"embeddable":true,"href":"https:\/\/www.schulthessforum.ch\/fr\/wp-json\/wp\/v2\/users\/1"}],"replies":[{"embeddable":true,"href":"https:\/\/www.schulthessforum.ch\/fr\/wp-json\/wp\/v2\/comments?post=17334"}],"version-history":[{"count":6,"href":"https:\/\/www.schulthessforum.ch\/fr\/wp-json\/wp\/v2\/pages\/17334\/revisions"}],"predecessor-version":[{"id":22838,"href":"https:\/\/www.schulthessforum.ch\/fr\/wp-json\/wp\/v2\/pages\/17334\/revisions\/22838"}],"wp:attachment":[{"href":"https:\/\/www.schulthessforum.ch\/fr\/wp-json\/wp\/v2\/media?parent=17334"}],"curies":[{"name":"wp","href":"https:\/\/api.w.org\/{rel}","templated":true}]}}