{"id":4022,"date":"2022-06-30T17:27:11","date_gmt":"2022-06-30T15:27:11","guid":{"rendered":"https:\/\/www.schulthessforum.ch\/?page_id=4022"},"modified":"2026-03-13T12:19:34","modified_gmt":"2026-03-13T11:19:34","slug":"test","status":"publish","type":"page","link":"https:\/\/www.schulthessforum.ch\/test\/","title":{"rendered":"Test"},"content":{"rendered":"<p>[et_pb_section fb_built=\u00a0\u00bb1&Prime; fullwidth=\u00a0\u00bbon\u00a0\u00bb _builder_version=\u00a0\u00bb4.19.3&Prime; _module_preset=\u00a0\u00bbdefault\u00a0\u00bb background_enable_image=\u00a0\u00bboff\u00a0\u00bb collapsed=\u00a0\u00bboff\u00a0\u00bb global_colors_info=\u00a0\u00bb{}\u00a0\u00bb locked=\u00a0\u00bboff\u00a0\u00bb][et_pb_fullwidth_code disabled_on=\u00a0\u00bboff|off|off\u00a0\u00bb admin_label=\u00a0\u00bbCode (Alert)\u00a0\u00bb module_class=\u00a0\u00bbschulthess-header-alertbar \u00a0\u00bb _builder_version=\u00a0\u00bb4.17.4&Prime; _module_preset=\u00a0\u00bbdefault\u00a0\u00bb locked=\u00a0\u00bboff\u00a0\u00bb global_colors_info=\u00a0\u00bb{}\u00a0\u00bb][\/et_pb_fullwidth_code][et_pb_fullwidth_slider show_image_video_mobile=\u00a0\u00bbon\u00a0\u00bb use_text_overlay=\u00a0\u00bbon\u00a0\u00bb text_overlay_color=\u00a0\u00bb#244566&Prime; text_border_radius=\u00a0\u00bb0px\u00a0\u00bb module_class=\u00a0\u00bbschulthess_header_slider\u00a0\u00bb _builder_version=\u00a0\u00bb4.22.1&Prime; _module_preset=\u00a0\u00bbdefault\u00a0\u00bb header_font=\u00a0\u00bb||||||||\u00a0\u00bb header_text_align=\u00a0\u00bbright\u00a0\u00bb body_text_align=\u00a0\u00bbright\u00a0\u00bb background_enable_image=\u00a0\u00bboff\u00a0\u00bb text_orientation=\u00a0\u00bbright\u00a0\u00bb module_alignment=\u00a0\u00bbleft\u00a0\u00bb content_width=\u00a0\u00bb50%\u00a0\u00bb animation_style=\u00a0\u00bbfade\u00a0\u00bb animation_duration=\u00a0\u00bb1900ms\u00a0\u00bb animation_starting_opacity=\u00a0\u00bb100%\u00a0\u00bb auto=\u00a0\u00bbon\u00a0\u00bb auto_speed=\u00a0\u00bb5000&Prime; auto_ignore_hover=\u00a0\u00bbon\u00a0\u00bb global_colors_info=\u00a0\u00bb{}\u00a0\u00bb][et_pb_slide heading=\u00a0\u00bbSchulthess <span style=%22white-space: nowrap;%22>Forum<\/span>\u00a0\u00bb image=\u00a0\u00bbhttps:\/\/www.schulthessforum.ch\/wp-content\/media\/00-Startseitenslider\/Slider_NEU_1.jpg\u00a0\u00bb use_text_overlay=\u00a0\u00bbon\u00a0\u00bb text_overlay_color=\u00a0\u00bb#244566&Prime; text_border_radius=\u00a0\u00bb0px\u00a0\u00bb _builder_version=\u00a0\u00bb4.22.1&Prime; _module_preset=\u00a0\u00bbdefault\u00a0\u00bb background_enable_image=\u00a0\u00bboff\u00a0\u00bb hover_enabled=\u00a0\u00bb0&Prime; global_colors_info=\u00a0\u00bb{}\u00a0\u00bb sticky_transition=\u00a0\u00bbon\u00a0\u00bb sticky_enabled=\u00a0\u00bb0&Prime;]<\/p>\n<p>Aktuelle Weiterbildung f\u00fcr die Praxis<\/p>\n<p>[\/et_pb_slide][et_pb_slide heading=\u00a0\u00bbSchulthess <span style=%22white-space: nowrap;%22>Forum<\/span>\u00a0\u00bb image=\u00a0\u00bbhttps:\/\/www.schulthessforum.ch\/wp-content\/media\/dummys\/Slider\/home_slide_2.jpg\u00a0\u00bb use_text_overlay=\u00a0\u00bbon\u00a0\u00bb text_overlay_color=\u00a0\u00bb#244566&Prime; text_border_radius=\u00a0\u00bb0px\u00a0\u00bb _builder_version=\u00a0\u00bb4.22.1&Prime; _module_preset=\u00a0\u00bbdefault\u00a0\u00bb background_enable_image=\u00a0\u00bboff\u00a0\u00bb global_colors_info=\u00a0\u00bb{}\u00a0\u00bb sticky_transition=\u00a0\u00bbon\u00a0\u00bb]<\/p>\n<p>Aktuelle Weiterbildung f\u00fcr die Praxis<\/p>\n<p>[\/et_pb_slide][et_pb_slide heading=\u00a0\u00bbSchulthess <span style=%22white-space: nowrap;%22>Forum<\/span>\u00a0\u00bb image=\u00a0\u00bbhttps:\/\/www.schulthessforum.ch\/wp-content\/media\/dummys\/Slider\/home_slide_3.jpg\u00a0\u00bb use_text_overlay=\u00a0\u00bbon\u00a0\u00bb text_overlay_color=\u00a0\u00bb#244566&Prime; text_border_radius=\u00a0\u00bb0px\u00a0\u00bb _builder_version=\u00a0\u00bb4.22.1&Prime; _module_preset=\u00a0\u00bbdefault\u00a0\u00bb background_enable_image=\u00a0\u00bboff\u00a0\u00bb global_colors_info=\u00a0\u00bb{}\u00a0\u00bb sticky_transition=\u00a0\u00bbon\u00a0\u00bb]<\/p>\n<p>Aktuelle Weiterbildung f\u00fcr die Praxis<\/p>\n<p>[\/et_pb_slide][et_pb_slide heading=\u00a0\u00bbSchulthess <span style=%22white-space: nowrap;%22>Forum<\/span>\u00a0\u00bb image=\u00a0\u00bbhttps:\/\/www.schulthessforum.ch\/wp-content\/media\/00-Startseitenslider\/Slider_4.jpg\u00a0\u00bb use_text_overlay=\u00a0\u00bbon\u00a0\u00bb text_overlay_color=\u00a0\u00bb#244566&Prime; text_border_radius=\u00a0\u00bb0px\u00a0\u00bb _builder_version=\u00a0\u00bb4.22.1&Prime; _module_preset=\u00a0\u00bbdefault\u00a0\u00bb background_enable_image=\u00a0\u00bboff\u00a0\u00bb global_colors_info=\u00a0\u00bb{}\u00a0\u00bb sticky_transition=\u00a0\u00bbon\u00a0\u00bb]<\/p>\n<p>Aktuelle Weiterbildung f\u00fcr die Praxis<\/p>\n<p>[\/et_pb_slide][\/et_pb_fullwidth_slider][\/et_pb_section]<\/p>\n","protected":false},"excerpt":{"rendered":"<p>Aktuelle Weiterbildung f\u00fcr die PraxisAktuelle Weiterbildung f\u00fcr die PraxisAktuelle Weiterbildung f\u00fcr die PraxisAktuelle Weiterbildung f\u00fcr die Praxis<\/p>\n","protected":false},"author":1,"featured_media":0,"parent":0,"menu_order":0,"comment_status":"closed","ping_status":"closed","template":"","meta":{"_acf_changed":false,"_et_pb_use_builder":"on","_et_pb_old_content":"","_et_gb_content_width":"","footnotes":""},"class_list":["post-4022","page","type-page","status-publish","hentry"],"acf":[],"_links":{"self":[{"href":"https:\/\/www.schulthessforum.ch\/fr\/wp-json\/wp\/v2\/pages\/4022","targetHints":{"allow":["GET"]}}],"collection":[{"href":"https:\/\/www.schulthessforum.ch\/fr\/wp-json\/wp\/v2\/pages"}],"about":[{"href":"https:\/\/www.schulthessforum.ch\/fr\/wp-json\/wp\/v2\/types\/page"}],"author":[{"embeddable":true,"href":"https:\/\/www.schulthessforum.ch\/fr\/wp-json\/wp\/v2\/users\/1"}],"replies":[{"embeddable":true,"href":"https:\/\/www.schulthessforum.ch\/fr\/wp-json\/wp\/v2\/comments?post=4022"}],"version-history":[{"count":12,"href":"https:\/\/www.schulthessforum.ch\/fr\/wp-json\/wp\/v2\/pages\/4022\/revisions"}],"predecessor-version":[{"id":38784,"href":"https:\/\/www.schulthessforum.ch\/fr\/wp-json\/wp\/v2\/pages\/4022\/revisions\/38784"}],"wp:attachment":[{"href":"https:\/\/www.schulthessforum.ch\/fr\/wp-json\/wp\/v2\/media?parent=4022"}],"curies":[{"name":"wp","href":"https:\/\/api.w.org\/{rel}","templated":true}]}}