{"id":39280,"date":"2026-03-30T13:27:58","date_gmt":"2026-03-30T11:27:58","guid":{"rendered":"https:\/\/www.schulthessforum.ch\/?post_type=product&#038;p=39280"},"modified":"2026-04-14T13:46:54","modified_gmt":"2026-04-14T11:46:54","slug":"datenschutz-am-arbeitsplatz","status":"publish","type":"product","link":"https:\/\/www.schulthessforum.ch\/datenschutz-am-arbeitsplatz\/","title":{"rendered":"Datenschutz am Arbeitsplatz 2026"},"content":{"rendered":"","protected":true},"excerpt":{"rendered":"","protected":true},"author":1853,"featured_media":0,"template":"","meta":{"_acf_changed":false,"_et_pb_use_builder":"on","_et_pb_old_content":"<h3><strong>Zwischen Effizienz und Privatsph\u00e4re \u2013 Datenschutz im modernen Arbeitsumfeld<\/strong><\/h3>\r\nDer Arbeitsplatz befindet sich im digitalen Wandel \u2013 gepr\u00e4gt von neuen Technologien, ver\u00e4nderten Arbeitsformen und einem stetig wachsenden Datenaufkommen. Damit einher gehen nicht nur Effizienzgewinne, sondern auch steigende Anforderungen an den Schutz der Privatsph\u00e4re sowie an eine rechtssichere und verantwortungsvolle Datenverarbeitung im Unternehmensalltag. F\u00fcr Unternehmen, Verwaltung und Beratung entsteht daraus ein zunehmender Spannungsbogen zwischen Innovation, Kontrolle und Compliance.\r\n\r\nDie Tagung greift diese Entwicklungen auf und beleuchtet aktuelle Fragestellungen aus unterschiedlichen Perspektiven: von der fortschreitenden Digitalisierung des Arbeitsumfelds \u00fcber den wachsenden \u00dcberwachungsdruck auf Mitarbeitende bis hin zum Spannungsfeld zwischen effektiver Strafverfolgung und dem Schutz der Privatsph\u00e4re. Weitere Schwerpunkte bilden die forensische Datensicherung im Unternehmen \u2013 mit ihren Chancen, Risiken und notwendigen Vorbereitungen \u2013 sowie praktische Ans\u00e4tze zur Cybersicherheit im Arbeitsalltag.\r\n\r\nDie Weiterbildung bietet einen kompakten \u00dcberblick \u00fcber zentrale Entwicklungen, praxisnahe Einblicke und wertvolle Impulse f\u00fcr den professionellen Umgang mit Datenschutzfragen im Arbeitskontext.","_et_gb_content_width":""},"categories":[140,89],"tags":[],"product_brand":[],"product_cat":[229],"product_tag":[],"class_list":{"0":"post-39280","1":"product","2":"type-product","3":"status-publish","4":"post-password-required","6":"category-tagung","7":"category-datenschutz","8":"product_cat-229","9":"pa_teilnahme-online-teilnahme","10":"pa_teilnahme-praesenzveranstaltung","12":"first","13":"instock","14":"taxable","15":"shipping-taxable","16":"purchasable","17":"product-type-variable"},"acf":[],"_links":{"self":[{"href":"https:\/\/www.schulthessforum.ch\/fr\/wp-json\/wp\/v2\/product\/39280","targetHints":{"allow":["GET"]}}],"collection":[{"href":"https:\/\/www.schulthessforum.ch\/fr\/wp-json\/wp\/v2\/product"}],"about":[{"href":"https:\/\/www.schulthessforum.ch\/fr\/wp-json\/wp\/v2\/types\/product"}],"author":[{"embeddable":true,"href":"https:\/\/www.schulthessforum.ch\/fr\/wp-json\/wp\/v2\/users\/1853"}],"wp:attachment":[{"href":"https:\/\/www.schulthessforum.ch\/fr\/wp-json\/wp\/v2\/media?parent=39280"}],"wp:term":[{"taxonomy":"category","embeddable":true,"href":"https:\/\/www.schulthessforum.ch\/fr\/wp-json\/wp\/v2\/categories?post=39280"},{"taxonomy":"post_tag","embeddable":true,"href":"https:\/\/www.schulthessforum.ch\/fr\/wp-json\/wp\/v2\/tags?post=39280"},{"taxonomy":"product_brand","embeddable":true,"href":"https:\/\/www.schulthessforum.ch\/fr\/wp-json\/wp\/v2\/product_brand?post=39280"},{"taxonomy":"product_cat","embeddable":true,"href":"https:\/\/www.schulthessforum.ch\/fr\/wp-json\/wp\/v2\/product_cat?post=39280"},{"taxonomy":"product_tag","embeddable":true,"href":"https:\/\/www.schulthessforum.ch\/fr\/wp-json\/wp\/v2\/product_tag?post=39280"}],"curies":[{"name":"wp","href":"https:\/\/api.w.org\/{rel}","templated":true}]}}